{"id":33614,"date":"2022-07-20T09:59:21","date_gmt":"2022-07-20T07:59:21","guid":{"rendered":"https:\/\/shopbhb.uniquedevs.usermd.net\/?page_id=33614"},"modified":"2024-04-16T00:07:10","modified_gmt":"2024-04-15T22:07:10","slug":"datenschutzbestimmungen","status":"publish","type":"page","link":"https:\/\/shopbhb.uniquedevs.usermd.net\/de\/datenschutzbestimmungen\/","title":{"rendered":"Datenschutzbestimmungen"},"content":{"rendered":"\n<p>Diese Datenschutzerkl\u00e4rung legt die Grunds\u00e4tze f\u00fcr die Verarbeitung und den Schutz personenbezogener Daten von Kunden fest, die den Online-Shop unter www.bertsch-holzbau.eu nutzen<\/p>\n\n\n\n<p>1.&nbsp;Der Verantwortliche Ihrer personenbezogenen Daten ist BHB Bertsch Holzbau sp. z o.o. mit Sitz in der ul. Jana Paw\u0142a II 29, 33-300 Nowy S\u0105cz, E-Mail:&nbsp;rodo@bertsch-holzbau.eu<\/p>\n\n\n\n<p>2. Ihre personenbezogenen Daten (Vorname, Nachname, E-Mail-Adresse, Telefon, NIP, REGON, Firma, Adresse), soweit Sie sie Ihrem Verantwortlichen angegeben haben, werden nur zu folgenden Zwecken verarbeitet:<\/p>\n\n\n\n<ul>\n<li>um Bestellungen im Online-Shop aufzugeben und zu bearbeiten, den Kaufvertrag durchzuf\u00fchren sowie Bestellungen zu versenden, zus\u00e4tzliche Dienstleistungen im Zusammenhang mit der bearbeiteten Bestellung anzubieten (Grundlage: Art. 6 Abs. 1 Buchst. b der DSGVO)<\/li>\n\n\n\n<li>um Beschwerde- und Widerrufsverfahren durchzuf\u00fchren (Grundlage: Art. 6 Abs. 1 Buchst. c der DSGVO)<\/li>\n\n\n\n<li>um Bezug auf Ihre Korrespondenz zu nehmen und diese beantworten bzw. damit der Verantwortliche die Korrespondenz an Sie richten kann, in Angelegenheiten, die mit der vom Verantwortlichen durchgef\u00fchrten Gesch\u00e4ftst\u00e4tigkeit verbunden sind, sowie zum Zwecke der Archivierung der Korrespondenz, was dem berechtigten Interesse des Verantwortlichen entspricht (Grundlage: Art. 6 Abs. 1 Buchst. b der DSGVO).<\/li>\n\n\n\n<li>um Rechtsanspr\u00fcche geltend zu machen, auszu\u00fcben oder zu verteidigen (Grundlage: Art. 6 Abs. 1 Buchst. f der DSGVO)<\/li>\n\n\n\n<li>den Vertrag \u00fcber die Kontoverwaltung im Online-Shop durchzuf\u00fchren (Grundlage: Art. 6 Abs. 1 Buchst. b der DSGVO)<\/li>\n<\/ul>\n\n\n\n<p>3. Die personenbezogenen Daten werden f\u00fcr die Dauer des berechtigten Interesses des Verantwortlichen gespeichert. Die personenbezogenen Daten, die beim Abschluss des Kaufvertrages angegeben werden, werden f\u00fcr die Vertragsdauer bis zum Ablauf der Verj\u00e4hrungsfrist f\u00fcr Gew\u00e4hrleistungs- und Garantieanspr\u00fcche gespeichert. Die personenbezogenen Daten, die bei der Er\u00f6ffnung eines Kontos im Online-Shop angegeben werden, werden bis zum Ablauf des Zeitraums verarbeitet, in dem Anspr\u00fcche geltend gemacht werden k\u00f6nnen. Die personenbezogenen Daten werden nicht profiliert und der Verantwortliche wird keine automatisierten Entscheidungen gegen Sie auf der Grundlage der zur Verf\u00fcgung gestellten personenbezogenen Daten treffen.<\/p>\n\n\n\n<p>4. Sie haben jederzeit das Recht, vom Verantwortlichen Folgendes zu verlangen: Auskunft \u00fcber Ihre personenbezogenen Daten, deren Berichtigung, L\u00f6schung oder Einschr\u00e4nkung der Verarbeitung, Sie k\u00f6nnen auch Widerspruch gegen die Verarbeitung und \u00dcbermittlung Ihrer personenbezogenen Daten einlegen sowie eine Beschwerde bei der Aufsichtsbeh\u00f6rde \u00fcber die Verarbeitung Ihrer personenbezogenen Daten durch den Verantwortlichen, d.h. beim Pr\u00e4sidenten des Amtes f\u00fcr den Schutz personenbezogener Daten, einreichen, wenn die Verarbeitung Ihrer personenbezogenen Daten durch den Verantwortlichen gegen die Bestimmungen des Gesetzes \u00fcber den Schutz personenbezogener Daten verst\u00f6\u00dft.<\/p>\n\n\n\n<p>5. Die Bereitstellung personenbezogener Daten an den Verantwortlichen ist freiwillig, aber notwendig, um den Kaufvertrag \u00fcber die Produkte sowie deren Versand zu erf\u00fcllen, zus\u00e4tzliche Dienstleistungen im Zusammenhang mit der aufgegebenen Bestellung anzubieten, ein Konto im Online-Shop zu er\u00f6ffnen und zu f\u00fchren, auf Ihre an den Verantwortlichen gerichtete Korrespondenz Bezug zu nehmen und diese zu beantworten oder um die Korrespondenz des Verantwortlichen an Sie zu richten. Die Nichtbereitstellung personenbezogener Daten, die f\u00fcr den Abschluss des Kaufvertrages erforderlich sind, hat die Ablehnung des Abschlusses des Kaufvertrages zur Folge.<\/p>\n\n\n\n<p>6. Auf Ihre Daten k\u00f6nnen auch die Unterauftragnehmer des Verantwortlichen oder die mit dem Verantwortlichen zusammenarbeitenden Unternehmen zugreifen, einschlie\u00dflich Auftragsverarbeiter, z.B. Buchhaltungs-, Rechts-, IT-, Transportunternehmen, Kurierdienste, Unternehmen, die Postdienstleistungen erbringen, Unternehmen, die Zahlungen \u00fcber das elektronische Zahlungssystem t\u00e4tigen, H\u00e4ndler\/Unternehmen, die zus\u00e4tzliche Dienstleistungen im&nbsp;Zusammenhang&nbsp;mit der bearbeiteten Bestellung erbringen.<\/p>\n\n\n\n<p>7. Ihre personenbezogenen Daten d\u00fcrfen nur f\u00fcr den Zweck, f\u00fcr den sie bereitgestellt wurden, an Orte au\u00dferhalb des EWR in das Vereinigte K\u00f6nigreich \u00fcbermittelt werden. Ihre Daten k\u00f6nnen an Unternehmen mit Sitz im Vereinigten K\u00f6nigreich \u00fcbermittelt werden, das von der Europ\u00e4ischen Kommission auf der Grundlage eines Beschlusses der Kommission zur Angemessenheit des im Vereinigten K\u00f6nigreich von Gro\u00dfbritannien und Nordirland bestehenden Datenschutzniveaus als die Standards f\u00fcr eine sichere und rechtm\u00e4\u00dfige Verarbeitung personenbezogener Daten erf\u00fcllend anerkannt wurde.<\/p>\n","protected":false},"excerpt":{"rendered":"<p>Diese Datenschutzerkl\u00e4rung legt die Grunds\u00e4tze f\u00fcr die Verarbeitung und den Schutz personenbezogener Daten von Kunden fest, die den Online-Shop unter www.bertsch-holzbau.eu nutzen 1.&nbsp;Der Verantwortliche Ihrer personenbezogenen Daten ist BHB Bertsch Holzbau sp. z o.o. mit Sitz in der ul. Jana Paw\u0142a II 29, 33-300 Nowy S\u0105cz, E-Mail:&nbsp;rodo@bertsch-holzbau.eu 2. Ihre personenbezogenen Daten (Vorname, Nachname, E-Mail-Adresse, Telefon, [&hellip;]<\/p>\n","protected":false},"author":6,"featured_media":0,"parent":0,"menu_order":0,"comment_status":"closed","ping_status":"closed","template":"","meta":{"footnotes":""},"yoast_head":"<!-- This site is optimized with the Yoast SEO plugin v22.5 - https:\/\/yoast.com\/wordpress\/plugins\/seo\/ -->\n<title>Datenschutzbestimmungen &#8212; Zuluna<\/title>\n<meta name=\"robots\" content=\"index, follow, max-snippet:-1, max-image-preview:large, max-video-preview:-1\" \/>\n<link rel=\"canonical\" href=\"https:\/\/shopbhb.uniquedevs.usermd.net\/de\/datenschutzbestimmungen\/\" \/>\n<meta property=\"og:locale\" content=\"de_DE\" \/>\n<meta property=\"og:type\" content=\"article\" \/>\n<meta property=\"og:title\" content=\"Datenschutzbestimmungen &#8212; Zuluna\" \/>\n<meta property=\"og:description\" content=\"Diese Datenschutzerkl\u00e4rung legt die Grunds\u00e4tze f\u00fcr die Verarbeitung und den Schutz personenbezogener Daten von Kunden fest, die den Online-Shop unter www.bertsch-holzbau.eu nutzen 1.&nbsp;Der Verantwortliche Ihrer personenbezogenen Daten ist BHB Bertsch Holzbau sp. z o.o. mit Sitz in der ul. Jana Paw\u0142a II 29, 33-300 Nowy S\u0105cz, E-Mail:&nbsp;rodo@bertsch-holzbau.eu 2. Ihre personenbezogenen Daten (Vorname, Nachname, E-Mail-Adresse, Telefon, [&hellip;]\" \/>\n<meta property=\"og:url\" content=\"https:\/\/shopbhb.uniquedevs.usermd.net\/de\/datenschutzbestimmungen\/\" \/>\n<meta property=\"og:site_name\" content=\"Zuluna\" \/>\n<meta property=\"article:publisher\" content=\"https:\/\/www.facebook.com\/zulunabhb\/\" \/>\n<meta property=\"article:modified_time\" content=\"2024-04-15T22:07:10+00:00\" \/>\n<meta property=\"og:image\" content=\"https:\/\/shopbhb.uniquedevs.usermd.net\/wp-content\/uploads\/2022\/08\/yt.webp\" \/>\n\t<meta property=\"og:image:width\" content=\"1243\" \/>\n\t<meta property=\"og:image:height\" content=\"697\" \/>\n\t<meta property=\"og:image:type\" content=\"image\/webp\" \/>\n<meta name=\"twitter:card\" content=\"summary_large_image\" \/>\n<meta name=\"twitter:label1\" content=\"Gesch\u00e4tzte Lesezeit\" \/>\n\t<meta name=\"twitter:data1\" content=\"4\u00a0Minuten\" \/>\n<script type=\"application\/ld+json\" class=\"yoast-schema-graph\">{\"@context\":\"https:\/\/schema.org\",\"@graph\":[{\"@type\":\"WebPage\",\"@id\":\"https:\/\/shopbhb.uniquedevs.usermd.net\/de\/datenschutzbestimmungen\/\",\"url\":\"https:\/\/shopbhb.uniquedevs.usermd.net\/de\/datenschutzbestimmungen\/\",\"name\":\"Datenschutzbestimmungen &#8212; Zuluna\",\"isPartOf\":{\"@id\":\"https:\/\/shopbhb.uniquedevs.usermd.net\/de\/#website\"},\"datePublished\":\"2022-07-20T07:59:21+00:00\",\"dateModified\":\"2024-04-15T22:07:10+00:00\",\"breadcrumb\":{\"@id\":\"https:\/\/shopbhb.uniquedevs.usermd.net\/de\/datenschutzbestimmungen\/#breadcrumb\"},\"inLanguage\":\"de\",\"potentialAction\":[{\"@type\":\"ReadAction\",\"target\":[\"https:\/\/shopbhb.uniquedevs.usermd.net\/de\/datenschutzbestimmungen\/\"]}]},{\"@type\":\"BreadcrumbList\",\"@id\":\"https:\/\/shopbhb.uniquedevs.usermd.net\/de\/datenschutzbestimmungen\/#breadcrumb\",\"itemListElement\":[{\"@type\":\"ListItem\",\"position\":1,\"name\":\"Strona g\u0142\u00f3wna\",\"item\":\"https:\/\/shopbhb.uniquedevs.usermd.net\/de\/\"},{\"@type\":\"ListItem\",\"position\":2,\"name\":\"Datenschutzbestimmungen\"}]},{\"@type\":\"WebSite\",\"@id\":\"https:\/\/shopbhb.uniquedevs.usermd.net\/de\/#website\",\"url\":\"https:\/\/shopbhb.uniquedevs.usermd.net\/de\/\",\"name\":\"Domy letniskowe i budynki gospodarcze - sklep internetowy\",\"description\":\"Domy modu\u0142owe, domki z profili, ogrodowe, domy z bali\",\"publisher\":{\"@id\":\"https:\/\/shopbhb.uniquedevs.usermd.net\/de\/#organization\"},\"potentialAction\":[{\"@type\":\"SearchAction\",\"target\":{\"@type\":\"EntryPoint\",\"urlTemplate\":\"https:\/\/shopbhb.uniquedevs.usermd.net\/de\/?s={search_term_string}\"},\"query-input\":\"required name=search_term_string\"}],\"inLanguage\":\"de\"},{\"@type\":\"Organization\",\"@id\":\"https:\/\/shopbhb.uniquedevs.usermd.net\/de\/#organization\",\"name\":\"Zuluna\",\"url\":\"https:\/\/shopbhb.uniquedevs.usermd.net\/de\/\",\"logo\":{\"@type\":\"ImageObject\",\"inLanguage\":\"de\",\"@id\":\"https:\/\/shopbhb.uniquedevs.usermd.net\/de\/#\/schema\/logo\/image\/\",\"url\":\"https:\/\/shopbhb.uniquedevs.usermd.net\/wp-content\/uploads\/2024\/03\/zuluna-logo2.webp\",\"contentUrl\":\"https:\/\/shopbhb.uniquedevs.usermd.net\/wp-content\/uploads\/2024\/03\/zuluna-logo2.webp\",\"width\":373,\"height\":199,\"caption\":\"Zuluna\"},\"image\":{\"@id\":\"https:\/\/shopbhb.uniquedevs.usermd.net\/de\/#\/schema\/logo\/image\/\"},\"sameAs\":[\"https:\/\/www.facebook.com\/zulunabhb\/\",\"https:\/\/www.instagram.com\/zuluna_official\/\/\",\"https:\/\/www.youtube.com\/BertschHolzbau\/\"]}]}<\/script>\n<!-- \/ Yoast SEO plugin. -->","yoast_head_json":{"title":"Datenschutzbestimmungen &#8212; Zuluna","robots":{"index":"index","follow":"follow","max-snippet":"max-snippet:-1","max-image-preview":"max-image-preview:large","max-video-preview":"max-video-preview:-1"},"canonical":"https:\/\/shopbhb.uniquedevs.usermd.net\/de\/datenschutzbestimmungen\/","og_locale":"de_DE","og_type":"article","og_title":"Datenschutzbestimmungen &#8212; Zuluna","og_description":"Diese Datenschutzerkl\u00e4rung legt die Grunds\u00e4tze f\u00fcr die Verarbeitung und den Schutz personenbezogener Daten von Kunden fest, die den Online-Shop unter www.bertsch-holzbau.eu nutzen 1.&nbsp;Der Verantwortliche Ihrer personenbezogenen Daten ist BHB Bertsch Holzbau sp. z o.o. mit Sitz in der ul. Jana Paw\u0142a II 29, 33-300 Nowy S\u0105cz, E-Mail:&nbsp;rodo@bertsch-holzbau.eu 2. Ihre personenbezogenen Daten (Vorname, Nachname, E-Mail-Adresse, Telefon, [&hellip;]","og_url":"https:\/\/shopbhb.uniquedevs.usermd.net\/de\/datenschutzbestimmungen\/","og_site_name":"Zuluna","article_publisher":"https:\/\/www.facebook.com\/zulunabhb\/","article_modified_time":"2024-04-15T22:07:10+00:00","og_image":[{"width":1243,"height":697,"url":"https:\/\/shopbhb.uniquedevs.usermd.net\/wp-content\/uploads\/2022\/08\/yt.webp","type":"image\/webp"}],"twitter_card":"summary_large_image","twitter_misc":{"Gesch\u00e4tzte Lesezeit":"4\u00a0Minuten"},"schema":{"@context":"https:\/\/schema.org","@graph":[{"@type":"WebPage","@id":"https:\/\/shopbhb.uniquedevs.usermd.net\/de\/datenschutzbestimmungen\/","url":"https:\/\/shopbhb.uniquedevs.usermd.net\/de\/datenschutzbestimmungen\/","name":"Datenschutzbestimmungen &#8212; Zuluna","isPartOf":{"@id":"https:\/\/shopbhb.uniquedevs.usermd.net\/de\/#website"},"datePublished":"2022-07-20T07:59:21+00:00","dateModified":"2024-04-15T22:07:10+00:00","breadcrumb":{"@id":"https:\/\/shopbhb.uniquedevs.usermd.net\/de\/datenschutzbestimmungen\/#breadcrumb"},"inLanguage":"de","potentialAction":[{"@type":"ReadAction","target":["https:\/\/shopbhb.uniquedevs.usermd.net\/de\/datenschutzbestimmungen\/"]}]},{"@type":"BreadcrumbList","@id":"https:\/\/shopbhb.uniquedevs.usermd.net\/de\/datenschutzbestimmungen\/#breadcrumb","itemListElement":[{"@type":"ListItem","position":1,"name":"Strona g\u0142\u00f3wna","item":"https:\/\/shopbhb.uniquedevs.usermd.net\/de\/"},{"@type":"ListItem","position":2,"name":"Datenschutzbestimmungen"}]},{"@type":"WebSite","@id":"https:\/\/shopbhb.uniquedevs.usermd.net\/de\/#website","url":"https:\/\/shopbhb.uniquedevs.usermd.net\/de\/","name":"Domy letniskowe i budynki gospodarcze - sklep internetowy","description":"Domy modu\u0142owe, domki z profili, ogrodowe, domy z bali","publisher":{"@id":"https:\/\/shopbhb.uniquedevs.usermd.net\/de\/#organization"},"potentialAction":[{"@type":"SearchAction","target":{"@type":"EntryPoint","urlTemplate":"https:\/\/shopbhb.uniquedevs.usermd.net\/de\/?s={search_term_string}"},"query-input":"required name=search_term_string"}],"inLanguage":"de"},{"@type":"Organization","@id":"https:\/\/shopbhb.uniquedevs.usermd.net\/de\/#organization","name":"Zuluna","url":"https:\/\/shopbhb.uniquedevs.usermd.net\/de\/","logo":{"@type":"ImageObject","inLanguage":"de","@id":"https:\/\/shopbhb.uniquedevs.usermd.net\/de\/#\/schema\/logo\/image\/","url":"https:\/\/shopbhb.uniquedevs.usermd.net\/wp-content\/uploads\/2024\/03\/zuluna-logo2.webp","contentUrl":"https:\/\/shopbhb.uniquedevs.usermd.net\/wp-content\/uploads\/2024\/03\/zuluna-logo2.webp","width":373,"height":199,"caption":"Zuluna"},"image":{"@id":"https:\/\/shopbhb.uniquedevs.usermd.net\/de\/#\/schema\/logo\/image\/"},"sameAs":["https:\/\/www.facebook.com\/zulunabhb\/","https:\/\/www.instagram.com\/zuluna_official\/\/","https:\/\/www.youtube.com\/BertschHolzbau\/"]}]}},"_links":{"self":[{"href":"https:\/\/shopbhb.uniquedevs.usermd.net\/de\/wp-json\/wp\/v2\/pages\/33614"}],"collection":[{"href":"https:\/\/shopbhb.uniquedevs.usermd.net\/de\/wp-json\/wp\/v2\/pages"}],"about":[{"href":"https:\/\/shopbhb.uniquedevs.usermd.net\/de\/wp-json\/wp\/v2\/types\/page"}],"author":[{"embeddable":true,"href":"https:\/\/shopbhb.uniquedevs.usermd.net\/de\/wp-json\/wp\/v2\/users\/6"}],"replies":[{"embeddable":true,"href":"https:\/\/shopbhb.uniquedevs.usermd.net\/de\/wp-json\/wp\/v2\/comments?post=33614"}],"version-history":[{"count":2,"href":"https:\/\/shopbhb.uniquedevs.usermd.net\/de\/wp-json\/wp\/v2\/pages\/33614\/revisions"}],"predecessor-version":[{"id":34069,"href":"https:\/\/shopbhb.uniquedevs.usermd.net\/de\/wp-json\/wp\/v2\/pages\/33614\/revisions\/34069"}],"wp:attachment":[{"href":"https:\/\/shopbhb.uniquedevs.usermd.net\/de\/wp-json\/wp\/v2\/media?parent=33614"}],"curies":[{"name":"wp","href":"https:\/\/api.w.org\/{rel}","templated":true}]}}